{"id":207,"date":"2015-07-14T14:50:10","date_gmt":"2015-07-14T14:50:10","guid":{"rendered":"http:\/\/test.kriesi.at\/minimal-portfolio\/?page_id=9"},"modified":"2026-05-06T11:30:03","modified_gmt":"2026-05-06T09:30:03","slug":"home","status":"publish","type":"page","link":"https:\/\/www.vindobona.club\/en\/","title":{"rendered":"Home"},"content":{"rendered":"<div class=\"flex_column av_one_fourth  flex_column_div av-zero-column-padding first  avia-builder-el-0  el_before_av_slideshow_full  avia-builder-el-no-sibling\" style='border-radius:0px; '><\/div>\n<\/div><\/div><\/div><!-- close content main div --><\/div><\/div><div id='full_slider_1'  class='avia-fullwidth-slider main_color avia-shadow   avia-builder-el-1  el_after_av_one_fourth  el_before_av_section   slider-not-first container_wrap fullsize' style=' '  ><div   data-size='no scaling'  data-lightbox_size='large'  data-animation='fade'  data-conditional_play=''  data-ids='926,4192,319,322'  data-video_counter='0'  data-autoplay='true'  data-bg_slider='false'  data-slide_height=''  data-handle='av_slideshow_full'  data-interval='7'  data-class=' '  data-el_id=''  data-css_id=''  data-scroll_down=''  data-control_layout='av-control-default'  data-custom_markup=''  data-perma_caption=''  data-autoplay_stopper=''  data-image_attachment=''  data-min_height='0px'  data-src=''  data-position='top left'  data-repeat='no-repeat'  data-attach='scroll'  data-stretch=''  class='avia-slideshow avia-slideshow-1  av-control-default av-default-height-applied avia-slideshow-no scaling av_slideshow_full   avia-fade-slider'  itemprop=\"image\" itemscope=\"itemscope\" itemtype=\"https:\/\/schema.org\/ImageObject\" ><ul class='avia-slideshow-inner' style='padding-bottom: 42%;' ><li  class='slide-1' ><div data-rel='slideshow-1' class='avia-slide-wrap'   ><img src='https:\/\/www.vindobona.club\/wp-content\/uploads\/2019\/10\/Slider_3a-new.jpg' width='1500' height='630' title='Slider_3a new' alt=''  itemprop=\"thumbnailUrl\"   \/><\/div><\/li><li  class='slide-2' ><div data-rel='slideshow-1' class='avia-slide-wrap'   ><img src='https:\/\/www.vindobona.club\/wp-content\/uploads\/2024\/09\/Slider_Neu1.jpg' width='1500' height='630' title='Slider_Neu1' alt=''  itemprop=\"thumbnailUrl\"   \/><\/div><\/li><li  class='slide-3' ><div data-rel='slideshow-1' class='avia-slide-wrap'   ><img src='https:\/\/www.vindobona.club\/wp-content\/uploads\/2019\/09\/Slider_2-new.jpg' width='1500' height='630' title='Slider_2 new' alt=''  itemprop=\"thumbnailUrl\"   \/><\/div><\/li><li  class='slide-4' ><div data-rel='slideshow-1' class='avia-slide-wrap'   ><img src='https:\/\/www.vindobona.club\/wp-content\/uploads\/2019\/09\/Slider_1-new.jpg' width='1500' height='630' title='Slider_1 new' alt=''  itemprop=\"thumbnailUrl\"   \/><\/div><\/li><\/ul><div class='avia-slideshow-arrows avia-slideshow-controls'><a href='#prev' class='prev-slide' aria-hidden='true' data-av_icon='\ue87c' data-av_iconfont='entypo-fontello'>Previous<\/a><a href='#next' class='next-slide' aria-hidden='true' data-av_icon='\ue87d' data-av_iconfont='entypo-fontello'>Next<\/a><\/div><div class='avia-slideshow-dots avia-slideshow-controls'><a href='#1' class='goto-slide active' >1<\/a><a href='#2' class='goto-slide' >2<\/a><a href='#3' class='goto-slide' >3<\/a><a href='#4' class='goto-slide' >4<\/a><\/div><\/div><\/div>\n<div id='av_section_1'  class='avia-section main_color avia-section-large avia-no-border-styling avia-bg-style-scroll  avia-builder-el-2  el_after_av_slideshow_full  el_before_av_one_full   container_wrap fullsize' style=' '  ><div class='container' ><div class='template-page content  av-content-full alpha units'><div class='post-entry post-entry-type-page post-entry-207'><div class='entry-content-wrapper clearfix'>\n<section class=\"av_textblock_section\"  itemscope=\"itemscope\" itemtype=\"https:\/\/schema.org\/CreativeWork\" ><div class='avia_textblock'  style='font-size:20px; '  itemprop=\"text\" ><p style=\"text-align: center;\"><span style=\"color: #1d4d37;\"><strong>Herzlich Willkommen bei der Vindobona, einem der \u00e4ltesten aktiven Briefmarkenklubs der Welt. Unser Zusammensein findet w\u00f6chentlich montags um 19:00 Uhr im Caf\u00e9 Zartl in Wien statt.<br \/>\n<\/strong><\/span><\/p>\n<\/div><\/section>\n<div class=\"flex_column av_one_full  av-animated-generic bottom-to-top  flex_column_div av-zero-column-padding first  avia-builder-el-4  el_after_av_textblock  el_before_av_one_full  column-top-margin\" style='border-radius:0px; '><div  style='padding-bottom:20px; color:#1d4d37;font-size:35px;' class='av-special-heading av-special-heading-h4 custom-color-heading blockquote modern-quote modern-centered  avia-builder-el-5  avia-builder-el-no-sibling  av-inherit-size'><h4 class='av-special-heading-tag'  itemprop=\"headline\"  >N\u00e4chste Vorlage:<\/h4><div class='special-heading-border'><div class='special-heading-inner-border' style='border-color:#1d4d37'><\/div><\/div><\/div><\/div><div class=\"flex_column av_one_full  flex_column_div av-zero-column-padding first  avia-builder-el-6  el_after_av_one_full  avia-builder-el-last  column-top-margin\" style='border-radius:0px; '><\/div>\n<\/div><\/div><\/div><!-- close content main div --><\/div><\/div><div id='after_section_1'  class='main_color av_default_container_wrap container_wrap fullsize' style=' '  ><div class='container' ><div class='template-page content  av-content-full alpha units'><div class='post-entry post-entry-type-page post-entry-207'><div class='entry-content-wrapper clearfix'>\n<div class=\"flex_column av_one_full  flex_column_div av-zero-column-padding first  avia-builder-el-8  el_after_av_section  el_before_av_one_full  avia-builder-el-first\" style='border-radius:0px; '><div  style='padding-bottom:20px; color:#1d4d37;font-size:35px;' class='av-special-heading av-special-heading-h4 custom-color-heading blockquote modern-quote modern-centered  avia-builder-el-9  avia-builder-el-no-sibling  av-inherit-size'><h4 class='av-special-heading-tag'  itemprop=\"headline\"  >Aktuelles:<\/h4><div class='special-heading-border'><div class='special-heading-inner-border' style='border-color:#1d4d37'><\/div><\/div><\/div><\/div>\n<div class=\"flex_column av_one_full  flex_column_div av-zero-column-padding first  avia-builder-el-10  el_after_av_one_full  el_before_av_textblock  column-top-margin\" style='border-radius:0px; '><div class='av-alb-blogposts template-blog  av-blog-meta-html-info-disabled av_force_fullwidth'  itemscope=\"itemscope\" itemtype=\"https:\/\/schema.org\/Blog\" ><article class='post-entry post-entry-type-standard post-entry-5556 post-loop-1 post-parity-odd single-big with-slider post-5556 post type-post status-publish format-standard has-post-thumbnail hentry category-allgemein'  itemscope=\"itemscope\" itemtype=\"https:\/\/schema.org\/BlogPosting\" ><div class='blog-meta'><\/div><div class='entry-content-wrapper clearfix standard-content'><header class=\"entry-content-header\"><div class=\"av-heading-wrapper\"><span class=\"blog-categories minor-meta\"><a href=\"https:\/\/www.vindobona.club\/en\/category\/allgemein\/\" rel=\"tag\">Vindobona News<\/a> <\/span><h2 class='post-title entry-title'  itemprop=\"headline\" >\t<a href='https:\/\/www.vindobona.club\/en\/philatelistischer-abend-in-schwaz-tirol\/' rel='bookmark' title='Permanent Link: Philatelistischer Abend in Schwaz (Tirol)'>Philatelistischer Abend in Schwaz (Tirol)\t\t\t<span class='post-format-icon minor-meta'><\/span>\t<\/a><\/h2><\/div><\/header><span class=\"av-vertical-delimiter\"><\/span><div class=\"big-preview single-big\"><a href=\"https:\/\/www.vindobona.club\/en\/philatelistischer-abend-in-schwaz-tirol\/\" title=\"Philatelistischer Abend in Schwaz (Tirol)\"><img loading=\"lazy\" decoding=\"async\" width=\"2000\" height=\"1000\" src=\"https:\/\/www.vindobona.club\/wp-content\/uploads\/2026\/05\/Vindobona_Schwaz_2026.jpg\" class=\"attachment-no scaling size-no scaling wp-post-image\" alt=\"\" srcset=\"https:\/\/www.vindobona.club\/wp-content\/uploads\/2026\/05\/Vindobona_Schwaz_2026.jpg 2000w, https:\/\/www.vindobona.club\/wp-content\/uploads\/2026\/05\/Vindobona_Schwaz_2026-300x150.jpg 300w, https:\/\/www.vindobona.club\/wp-content\/uploads\/2026\/05\/Vindobona_Schwaz_2026-1030x515.jpg 1030w, https:\/\/www.vindobona.club\/wp-content\/uploads\/2026\/05\/Vindobona_Schwaz_2026-768x384.jpg 768w, https:\/\/www.vindobona.club\/wp-content\/uploads\/2026\/05\/Vindobona_Schwaz_2026-1536x768.jpg 1536w, https:\/\/www.vindobona.club\/wp-content\/uploads\/2026\/05\/Vindobona_Schwaz_2026-1500x750.jpg 1500w, https:\/\/www.vindobona.club\/wp-content\/uploads\/2026\/05\/Vindobona_Schwaz_2026-705x353.jpg 705w\" sizes=\"(max-width: 2000px) 100vw, 2000px\" \/><\/a><\/div><div class=\"entry-content\"  itemprop=\"text\" ><p>Wir haben vor einiger Zeit die Initiative \u201eVindobona in den Bundesl\u00e4ndern\u201c ins Leben gerufen, um unseren Mitgliedern, die nicht im Raum Wien wohnen, die M\u00f6glichkeit zu geben, auch an unserem Vereinsgeschehen teilzunehmen. Au\u00dferdem m\u00f6chten wir andere Briefmarkenvereine kennenlernen, um uns auszutauschen und Erfahrungen zu teilen. Diesmal ist die Wahl auf Tirol gefallen, und wir werden [&hellip;]<\/p>\n<div class=\"read-more-link\"><a href=\"https:\/\/www.vindobona.club\/en\/philatelistischer-abend-in-schwaz-tirol\/\" class=\"more-link\">Read more<span class=\"more-link-arrow\"><\/span><\/a><\/div>\n<\/div><span class='post-meta-infos'><time class='date-container minor-meta updated' >7. May 2026<\/time><span class='text-sep text-sep-date'>\/<\/span><span class=\"blog-author minor-meta\">by <span class=\"entry-author-link\" ><span class=\"vcard author\"><span class=\"fn\"><a href=\"https:\/\/www.vindobona.club\/en\/author\/admin\/\" title=\"Posts by admin\" rel=\"author\">admin<\/a><\/span><\/span><\/span><\/span><\/span><footer class=\"entry-footer\"><\/footer><div class='post_delimiter'><\/div><\/div><div class='post_author_timeline'><\/div><span class='hidden'>\n\t\t\t<span class='av-structured-data'  itemprop=\"image\" itemscope=\"itemscope\" itemtype=\"https:\/\/schema.org\/ImageObject\"  'image'>\n\t\t\t\t\t   <span itemprop='url' >https:\/\/www.vindobona.club\/wp-content\/uploads\/2026\/05\/Vindobona_Schwaz_2026.jpg<\/span>\n\t\t\t\t\t   <span itemprop='height' >1000<\/span>\n\t\t\t\t\t   <span itemprop='width' >2000<\/span>\n\t\t\t\t  <\/span><span class='av-structured-data'  itemprop=\"publisher\" itemtype=\"https:\/\/schema.org\/Organization\" itemscope=\"itemscope\" >\n\t\t\t\t<span itemprop='name'>admin<\/span>\n\t\t\t\t<span itemprop='logo' itemscope itemtype='https:\/\/schema.org\/ImageObject'>\n\t\t\t\t   <span itemprop='url'>http:\/\/www.vindobona.club\/wp-content\/uploads\/2019\/09\/vindobona_logo_0.4-300x96.png<\/span>\n\t\t\t\t <\/span>\n\t\t\t  <\/span><span class='av-structured-data'  itemprop=\"author\" itemscope=\"itemscope\" itemtype=\"https:\/\/schema.org\/Person\" ><span itemprop='name'>admin<\/span><\/span><span class='av-structured-data'  itemprop=\"datePublished\" datetime=\"2026-05-07T10:38:03+02:00\" >2026-05-07 10:38:03<\/span><span class='av-structured-data'  itemprop=\"dateModified\" itemtype=\"https:\/\/schema.org\/dateModified\" >2026-05-07 14:46:14<\/span><span class='av-structured-data'  itemprop=\"mainEntityOfPage\" itemtype=\"https:\/\/schema.org\/mainEntityOfPage\" ><span itemprop='name'>Philatelistischer Abend in Schwaz (Tirol)<\/span><\/span><\/span><\/article><article class='post-entry post-entry-type-standard post-entry-5375 post-loop-2 post-parity-even post-entry-last single-big with-slider post-5375 post type-post status-publish format-standard has-post-thumbnail hentry category-allgemein'  itemscope=\"itemscope\" itemtype=\"https:\/\/schema.org\/BlogPosting\" ><div class='blog-meta'><\/div><div class='entry-content-wrapper clearfix standard-content'><header class=\"entry-content-header\"><div class=\"av-heading-wrapper\"><span class=\"blog-categories minor-meta\"><a href=\"https:\/\/www.vindobona.club\/en\/category\/allgemein\/\" rel=\"tag\">Vindobona News<\/a> <\/span><h2 class='post-title entry-title'  itemprop=\"headline\" >\t<a href='https:\/\/www.vindobona.club\/en\/hauptversammlung-2026-und-grosse-vorlage\/' rel='bookmark' title='Permanent Link: Erfolgreiche Hauptversammlung und gro\u00dfe Vorlage'>Erfolgreiche Hauptversammlung und gro\u00dfe Vorlage\t\t\t<span class='post-format-icon minor-meta'><\/span>\t<\/a><\/h2><\/div><\/header><span class=\"av-vertical-delimiter\"><\/span><div class=\"big-preview single-big\"><a href=\"https:\/\/www.vindobona.club\/en\/hauptversammlung-2026-und-grosse-vorlage\/\" title=\"Erfolgreiche Hauptversammlung und gro\u00dfe Vorlage\"><img loading=\"lazy\" decoding=\"async\" width=\"2000\" height=\"1000\" src=\"https:\/\/www.vindobona.club\/wp-content\/uploads\/2026\/03\/Titelbild_Gr_Vorlage_2026.jpg\" class=\"attachment-no scaling size-no scaling wp-post-image\" alt=\"\" srcset=\"https:\/\/www.vindobona.club\/wp-content\/uploads\/2026\/03\/Titelbild_Gr_Vorlage_2026.jpg 2000w, https:\/\/www.vindobona.club\/wp-content\/uploads\/2026\/03\/Titelbild_Gr_Vorlage_2026-300x150.jpg 300w, https:\/\/www.vindobona.club\/wp-content\/uploads\/2026\/03\/Titelbild_Gr_Vorlage_2026-1030x515.jpg 1030w, https:\/\/www.vindobona.club\/wp-content\/uploads\/2026\/03\/Titelbild_Gr_Vorlage_2026-768x384.jpg 768w, https:\/\/www.vindobona.club\/wp-content\/uploads\/2026\/03\/Titelbild_Gr_Vorlage_2026-1536x768.jpg 1536w, https:\/\/www.vindobona.club\/wp-content\/uploads\/2026\/03\/Titelbild_Gr_Vorlage_2026-1500x750.jpg 1500w, https:\/\/www.vindobona.club\/wp-content\/uploads\/2026\/03\/Titelbild_Gr_Vorlage_2026-705x353.jpg 705w\" sizes=\"(max-width: 2000px) 100vw, 2000px\" \/><\/a><\/div><div class=\"entry-content\"  itemprop=\"text\" ><p>Am 23. M\u00e4rz 2026 fand die diesj\u00e4hrige Hauptversammlung der Vindobona im traditionsreichen Caf\u00e9 Landtmann in Wien statt. Mit mehr als 40 anwesenden Mitgliedern \u2013 das entspricht rund 36 % der Gesamtmitgliedschaft \u2013 war die Versammlung au\u00dferordentlich gut besucht und unterstreicht das gro\u00dfe Engagement innerhalb des Vereins. Obmann G\u00fcnther Stellwag er\u00f6ffnete die Veranstaltung und begr\u00fc\u00dfte neben [&hellip;]<\/p>\n<div class=\"read-more-link\"><a href=\"https:\/\/www.vindobona.club\/en\/hauptversammlung-2026-und-grosse-vorlage\/\" class=\"more-link\">Read more<span class=\"more-link-arrow\"><\/span><\/a><\/div>\n<\/div><span class='post-meta-infos'><time class='date-container minor-meta updated' >5. March 2026<\/time><span class='text-sep text-sep-date'>\/<\/span><span class=\"blog-author minor-meta\">by <span class=\"entry-author-link\" ><span class=\"vcard author\"><span class=\"fn\"><a href=\"https:\/\/www.vindobona.club\/en\/author\/admin\/\" title=\"Posts by admin\" rel=\"author\">admin<\/a><\/span><\/span><\/span><\/span><\/span><footer class=\"entry-footer\"><\/footer><div class='post_delimiter'><\/div><\/div><div class='post_author_timeline'><\/div><span class='hidden'>\n\t\t\t<span class='av-structured-data'  itemprop=\"image\" itemscope=\"itemscope\" itemtype=\"https:\/\/schema.org\/ImageObject\"  'image'>\n\t\t\t\t\t   <span itemprop='url' >https:\/\/www.vindobona.club\/wp-content\/uploads\/2026\/03\/Titelbild_Gr_Vorlage_2026.jpg<\/span>\n\t\t\t\t\t   <span itemprop='height' >1000<\/span>\n\t\t\t\t\t   <span itemprop='width' >2000<\/span>\n\t\t\t\t  <\/span><span class='av-structured-data'  itemprop=\"publisher\" itemtype=\"https:\/\/schema.org\/Organization\" itemscope=\"itemscope\" >\n\t\t\t\t<span itemprop='name'>admin<\/span>\n\t\t\t\t<span itemprop='logo' itemscope itemtype='https:\/\/schema.org\/ImageObject'>\n\t\t\t\t   <span itemprop='url'>http:\/\/www.vindobona.club\/wp-content\/uploads\/2019\/09\/vindobona_logo_0.4-300x96.png<\/span>\n\t\t\t\t <\/span>\n\t\t\t  <\/span><span class='av-structured-data'  itemprop=\"author\" itemscope=\"itemscope\" itemtype=\"https:\/\/schema.org\/Person\" ><span itemprop='name'>admin<\/span><\/span><span class='av-structured-data'  itemprop=\"datePublished\" datetime=\"2026-03-05T11:31:10+01:00\" >2026-03-05 11:31:10<\/span><span class='av-structured-data'  itemprop=\"dateModified\" itemtype=\"https:\/\/schema.org\/dateModified\" >2026-03-28 13:14:53<\/span><span class='av-structured-data'  itemprop=\"mainEntityOfPage\" itemtype=\"https:\/\/schema.org\/mainEntityOfPage\" ><span itemprop='name'>Erfolgreiche Hauptversammlung und gro\u00dfe Vorlage<\/span><\/span><\/span><\/article><\/div><\/div>\n<section class=\"av_textblock_section\"  itemscope=\"itemscope\" itemtype=\"https:\/\/schema.org\/BlogPosting\" itemprop=\"blogPost\" ><div class='avia_textblock'  style='font-size:40px; '  itemprop=\"text\" ><p><a href=\"https:\/\/www.merkurphila.at\/\" target=\"_blank\" rel=\"noopener\"><img loading=\"lazy\" decoding=\"async\" class=\"aligncenter wp-image-5547\" src=\"https:\/\/www.vindobona.club\/wp-content\/uploads\/2026\/05\/banner_vind-300x74.jpg\" alt=\"Banner Merkurphila\" width=\"1600\" height=\"395\" srcset=\"https:\/\/www.vindobona.club\/wp-content\/uploads\/2026\/05\/banner_vind-300x74.jpg 300w, https:\/\/www.vindobona.club\/wp-content\/uploads\/2026\/05\/banner_vind-768x190.jpg 768w, https:\/\/www.vindobona.club\/wp-content\/uploads\/2026\/05\/banner_vind-705x174.jpg 705w, https:\/\/www.vindobona.club\/wp-content\/uploads\/2026\/05\/banner_vind.jpg 932w\" sizes=\"(max-width: 1600px) 100vw, 1600px\" \/><\/a><\/p>\n<\/div><\/section>","protected":false},"excerpt":{"rendered":"","protected":false},"author":1,"featured_media":0,"parent":0,"menu_order":0,"comment_status":"open","ping_status":"closed","template":"","meta":{"footnotes":""},"class_list":["post-207","page","type-page","status-publish","hentry"],"yoast_head":"<!-- This site is optimized with the Yoast SEO plugin v23.1 - https:\/\/yoast.com\/wordpress\/plugins\/seo\/ -->\n<title>Home - Vindobona Philatelisten Club<\/title>\n<meta name=\"description\" content=\"\u00d6sterreichischer Philatelistenklub Vindobona - Der \u00e4lteste Briefmarkenklub \u00d6sterreichs seit 1880\" \/>\n<meta name=\"robots\" content=\"index, follow, max-snippet:-1, max-image-preview:large, max-video-preview:-1\" \/>\n<link rel=\"canonical\" href=\"https:\/\/www.vindobona.club\/\" \/>\n<meta property=\"og:locale\" content=\"en_US\" \/>\n<meta property=\"og:type\" content=\"article\" \/>\n<meta property=\"og:title\" content=\"Home - Vindobona Philatelisten Club\" \/>\n<meta property=\"og:description\" content=\"\u00d6sterreichischer Philatelistenklub Vindobona - Der \u00e4lteste Briefmarkenklub \u00d6sterreichs seit 1880\" \/>\n<meta property=\"og:url\" content=\"https:\/\/www.vindobona.club\/\" \/>\n<meta property=\"og:site_name\" content=\"Vindobona Philatelisten Club\" \/>\n<meta property=\"article:modified_time\" content=\"2026-05-06T09:30:03+00:00\" \/>\n<meta property=\"og:image\" content=\"https:\/\/www.vindobona.club\/wp-content\/uploads\/2026\/05\/banner_vind-300x74.jpg\" \/>\n<meta name=\"twitter:card\" content=\"summary_large_image\" \/>\n<meta name=\"twitter:label1\" content=\"Est. reading time\" \/>\n\t<meta name=\"twitter:data1\" content=\"3 minutes\" \/>\n<script type=\"application\/ld+json\" class=\"yoast-schema-graph\">{\"@context\":\"https:\/\/schema.org\",\"@graph\":[{\"@type\":\"WebPage\",\"@id\":\"https:\/\/www.vindobona.club\/\",\"url\":\"https:\/\/www.vindobona.club\/\",\"name\":\"Home - Vindobona Philatelisten Club\",\"isPartOf\":{\"@id\":\"https:\/\/www.vindobona.club\/#website\"},\"primaryImageOfPage\":{\"@id\":\"https:\/\/www.vindobona.club\/#primaryimage\"},\"image\":{\"@id\":\"https:\/\/www.vindobona.club\/#primaryimage\"},\"thumbnailUrl\":\"https:\/\/www.vindobona.club\/wp-content\/uploads\/2026\/05\/banner_vind-300x74.jpg\",\"datePublished\":\"2015-07-14T14:50:10+00:00\",\"dateModified\":\"2026-05-06T09:30:03+00:00\",\"description\":\"\u00d6sterreichischer Philatelistenklub Vindobona - Der \u00e4lteste Briefmarkenklub \u00d6sterreichs seit 1880\",\"breadcrumb\":{\"@id\":\"https:\/\/www.vindobona.club\/#breadcrumb\"},\"inLanguage\":\"en-US\",\"potentialAction\":[{\"@type\":\"ReadAction\",\"target\":[\"https:\/\/www.vindobona.club\/\"]}]},{\"@type\":\"ImageObject\",\"inLanguage\":\"en-US\",\"@id\":\"https:\/\/www.vindobona.club\/#primaryimage\",\"url\":\"https:\/\/www.vindobona.club\/wp-content\/uploads\/2026\/05\/banner_vind-300x74.jpg\",\"contentUrl\":\"https:\/\/www.vindobona.club\/wp-content\/uploads\/2026\/05\/banner_vind-300x74.jpg\"},{\"@type\":\"BreadcrumbList\",\"@id\":\"https:\/\/www.vindobona.club\/#breadcrumb\",\"itemListElement\":[{\"@type\":\"ListItem\",\"position\":1,\"name\":\"Startseite\",\"item\":\"https:\/\/www.vindobona.club\/\"},{\"@type\":\"ListItem\",\"position\":2,\"name\":\"Home\"}]},{\"@type\":\"WebSite\",\"@id\":\"https:\/\/www.vindobona.club\/#website\",\"url\":\"https:\/\/www.vindobona.club\/\",\"name\":\"Vindobona Philatelisten Club\",\"description\":\"\u00d6sterreichischer Philatelistenklub Vindobona - Der \u00e4lteste Briefmarkenklub \u00d6sterreichs seit 1880\",\"publisher\":{\"@id\":\"https:\/\/www.vindobona.club\/#organization\"},\"alternateName\":\"\u00d6sterreichischer Philatelistenklub Vindobona\",\"potentialAction\":[{\"@type\":\"SearchAction\",\"target\":{\"@type\":\"EntryPoint\",\"urlTemplate\":\"https:\/\/www.vindobona.club\/?s={search_term_string}\"},\"query-input\":\"required name=search_term_string\"}],\"inLanguage\":\"en-US\"},{\"@type\":\"Organization\",\"@id\":\"https:\/\/www.vindobona.club\/#organization\",\"name\":\"\u00d6sterreichischer Philatelistenklub Vindobona\",\"alternateName\":\"Vindobona Philatelistenklub\",\"url\":\"https:\/\/www.vindobona.club\/\",\"logo\":{\"@type\":\"ImageObject\",\"inLanguage\":\"en-US\",\"@id\":\"https:\/\/www.vindobona.club\/#\/schema\/logo\/image\/\",\"url\":\"https:\/\/www.vindobona.club\/wp-content\/uploads\/2019\/10\/Favicon-1.png\",\"contentUrl\":\"https:\/\/www.vindobona.club\/wp-content\/uploads\/2019\/10\/Favicon-1.png\",\"width\":1443,\"height\":1443,\"caption\":\"\u00d6sterreichischer Philatelistenklub Vindobona\"},\"image\":{\"@id\":\"https:\/\/www.vindobona.club\/#\/schema\/logo\/image\/\"}}]}<\/script>\n<!-- \/ Yoast SEO plugin. -->","yoast_head_json":{"title":"Home - Vindobona Philatelisten Club","description":"\u00d6sterreichischer Philatelistenklub Vindobona - Der \u00e4lteste Briefmarkenklub \u00d6sterreichs seit 1880","robots":{"index":"index","follow":"follow","max-snippet":"max-snippet:-1","max-image-preview":"max-image-preview:large","max-video-preview":"max-video-preview:-1"},"canonical":"https:\/\/www.vindobona.club\/","og_locale":"en_US","og_type":"article","og_title":"Home - Vindobona Philatelisten Club","og_description":"\u00d6sterreichischer Philatelistenklub Vindobona - Der \u00e4lteste Briefmarkenklub \u00d6sterreichs seit 1880","og_url":"https:\/\/www.vindobona.club\/","og_site_name":"Vindobona Philatelisten Club","article_modified_time":"2026-05-06T09:30:03+00:00","og_image":[{"url":"https:\/\/www.vindobona.club\/wp-content\/uploads\/2026\/05\/banner_vind-300x74.jpg"}],"twitter_card":"summary_large_image","twitter_misc":{"Est. reading time":"3 minutes"},"schema":{"@context":"https:\/\/schema.org","@graph":[{"@type":"WebPage","@id":"https:\/\/www.vindobona.club\/","url":"https:\/\/www.vindobona.club\/","name":"Home - Vindobona Philatelisten Club","isPartOf":{"@id":"https:\/\/www.vindobona.club\/#website"},"primaryImageOfPage":{"@id":"https:\/\/www.vindobona.club\/#primaryimage"},"image":{"@id":"https:\/\/www.vindobona.club\/#primaryimage"},"thumbnailUrl":"https:\/\/www.vindobona.club\/wp-content\/uploads\/2026\/05\/banner_vind-300x74.jpg","datePublished":"2015-07-14T14:50:10+00:00","dateModified":"2026-05-06T09:30:03+00:00","description":"\u00d6sterreichischer Philatelistenklub Vindobona - Der \u00e4lteste Briefmarkenklub \u00d6sterreichs seit 1880","breadcrumb":{"@id":"https:\/\/www.vindobona.club\/#breadcrumb"},"inLanguage":"en-US","potentialAction":[{"@type":"ReadAction","target":["https:\/\/www.vindobona.club\/"]}]},{"@type":"ImageObject","inLanguage":"en-US","@id":"https:\/\/www.vindobona.club\/#primaryimage","url":"https:\/\/www.vindobona.club\/wp-content\/uploads\/2026\/05\/banner_vind-300x74.jpg","contentUrl":"https:\/\/www.vindobona.club\/wp-content\/uploads\/2026\/05\/banner_vind-300x74.jpg"},{"@type":"BreadcrumbList","@id":"https:\/\/www.vindobona.club\/#breadcrumb","itemListElement":[{"@type":"ListItem","position":1,"name":"Startseite","item":"https:\/\/www.vindobona.club\/"},{"@type":"ListItem","position":2,"name":"Home"}]},{"@type":"WebSite","@id":"https:\/\/www.vindobona.club\/#website","url":"https:\/\/www.vindobona.club\/","name":"Vindobona Philatelisten Club","description":"\u00d6sterreichischer Philatelistenklub Vindobona - Der \u00e4lteste Briefmarkenklub \u00d6sterreichs seit 1880","publisher":{"@id":"https:\/\/www.vindobona.club\/#organization"},"alternateName":"\u00d6sterreichischer Philatelistenklub Vindobona","potentialAction":[{"@type":"SearchAction","target":{"@type":"EntryPoint","urlTemplate":"https:\/\/www.vindobona.club\/?s={search_term_string}"},"query-input":"required name=search_term_string"}],"inLanguage":"en-US"},{"@type":"Organization","@id":"https:\/\/www.vindobona.club\/#organization","name":"\u00d6sterreichischer Philatelistenklub Vindobona","alternateName":"Vindobona Philatelistenklub","url":"https:\/\/www.vindobona.club\/","logo":{"@type":"ImageObject","inLanguage":"en-US","@id":"https:\/\/www.vindobona.club\/#\/schema\/logo\/image\/","url":"https:\/\/www.vindobona.club\/wp-content\/uploads\/2019\/10\/Favicon-1.png","contentUrl":"https:\/\/www.vindobona.club\/wp-content\/uploads\/2019\/10\/Favicon-1.png","width":1443,"height":1443,"caption":"\u00d6sterreichischer Philatelistenklub Vindobona"},"image":{"@id":"https:\/\/www.vindobona.club\/#\/schema\/logo\/image\/"}}]}},"_links":{"self":[{"href":"https:\/\/www.vindobona.club\/en\/wp-json\/wp\/v2\/pages\/207"}],"collection":[{"href":"https:\/\/www.vindobona.club\/en\/wp-json\/wp\/v2\/pages"}],"about":[{"href":"https:\/\/www.vindobona.club\/en\/wp-json\/wp\/v2\/types\/page"}],"author":[{"embeddable":true,"href":"https:\/\/www.vindobona.club\/en\/wp-json\/wp\/v2\/users\/1"}],"replies":[{"embeddable":true,"href":"https:\/\/www.vindobona.club\/en\/wp-json\/wp\/v2\/comments?post=207"}],"version-history":[{"count":469,"href":"https:\/\/www.vindobona.club\/en\/wp-json\/wp\/v2\/pages\/207\/revisions"}],"predecessor-version":[{"id":5550,"href":"https:\/\/www.vindobona.club\/en\/wp-json\/wp\/v2\/pages\/207\/revisions\/5550"}],"wp:attachment":[{"href":"https:\/\/www.vindobona.club\/en\/wp-json\/wp\/v2\/media?parent=207"}],"curies":[{"name":"wp","href":"https:\/\/api.w.org\/{rel}","templated":true}]}}