{"id":4037,"date":"2024-08-11T19:47:13","date_gmt":"2024-08-11T17:47:13","guid":{"rendered":"https:\/\/www.vindobona.club\/?page_id=4037"},"modified":"2024-08-11T19:47:36","modified_gmt":"2024-08-11T17:47:36","slug":"formular-11","status":"publish","type":"page","link":"https:\/\/www.vindobona.club\/en\/formular-11\/","title":{"rendered":"Formular-11"},"content":{"rendered":"<div class=\"frm_forms  with_frm_style frm_style_formidable-style\" id=\"frm_form_11_container\" >\n<form enctype=\"multipart\/form-data\" method=\"post\" class=\"frm-show-form\" id=\"form_contact-form20242\" action=\"\"  >\n<div class=\"frm_form_fields\">\n<fieldset>\n<legend class=\"frm_screen_reader\">Bestellanfrage - Rekozettel von \u00d6sterreich 1885-1939<\/legend>\r\n\r\n<div class=\"frm_fields_container\">\n<input type=\"hidden\" name=\"frm_action\" value=\"create\" \/>\n<input type=\"hidden\" name=\"form_id\" value=\"11\" \/>\n<input type=\"hidden\" name=\"frm_hide_fields_11\" id=\"frm_hide_fields_11\" value=\"\" \/>\n<input type=\"hidden\" name=\"form_key\" value=\"contact-form20242\" \/>\n<input type=\"hidden\" name=\"item_meta[0]\" value=\"\" \/>\n<input type=\"hidden\" id=\"frm_submit_entry_11\" name=\"frm_submit_entry_11\" value=\"3ff0cde5b3\" \/><input type=\"hidden\" name=\"_wp_http_referer\" value=\"\/en\/wp-json\/wp\/v2\/pages\/4037\" \/><label for=\"frm_verify_11\" class=\"frm_screen_reader frm_hidden\">If you are human, leave this field blank.<\/label>\n<input type=\"text\" class=\"frm_hidden frm_verify\" id=\"frm_verify_11\" name=\"frm_verify\" value=\"\"  \/>\n<div id=\"frm_field_66_container\" class=\"frm_form_field form-field  frm_required_field frm_top_container frm_full\">\r\n    <label for=\"field_e6lis672\" id=\"field_e6lis672_label\" class=\"frm_primary_label\">Publikationstitel\r\n        <span class=\"frm_required\">*<\/span>\r\n    <\/label>\r\n    <input type=\"text\" id=\"field_e6lis672\" name=\"item_meta[66]\" value=\"Rekozettel von \u00d6sterreich 1885-1939\"  data-frmval=\"Rekozettel von \u00d6sterreich 1885-1939\" data-reqmsg=\"Dieses Feld darf nicht leer sein.\" aria-required=\"true\" data-invmsg=\"Subject ist ung\u00fcltig\"  \/>\r\n    \r\n    \r\n<\/div>\n<div id=\"frm_field_67_container\" class=\"frm_form_field form-field  frm_required_field frm_top_container frm_full\">\r\n    <label for=\"field_qh4icy72\" id=\"field_qh4icy72_label\" class=\"frm_primary_label\">Name\r\n        <span class=\"frm_required\">*<\/span>\r\n    <\/label>\r\n    <input type=\"text\" id=\"field_qh4icy72\" name=\"item_meta[67]\" value=\"\"  data-reqmsg=\"Dieses Feld darf nicht leer sein.\" aria-required=\"true\" data-invmsg=\"Name ist ung\u00fcltig\"  \/>\r\n    \r\n    \r\n<\/div>\n<div id=\"frm_field_68_container\" class=\"frm_form_field form-field  frm_required_field frm_top_container\">\r\n    <label for=\"field_ghalc72\" id=\"field_ghalc72_label\" class=\"frm_primary_label\">Adresse\r\n        <span class=\"frm_required\">*<\/span>\r\n    <\/label>\r\n    <input type=\"text\" id=\"field_ghalc72\" name=\"item_meta[68]\" value=\"\"  data-reqmsg=\"This field cannot be blank.\" aria-required=\"true\" data-invmsg=\"Text ist ung\u00fcltig\"  \/>\r\n    \r\n    \r\n<\/div>\n<div id=\"frm_field_69_container\" class=\"frm_form_field form-field  frm_required_field frm_top_container frm_full\">\r\n    <label for=\"field_29yf4d72\" id=\"field_29yf4d72_label\" class=\"frm_primary_label\">Email\r\n        <span class=\"frm_required\">*<\/span>\r\n    <\/label>\r\n    <input type=\"email\" id=\"field_29yf4d72\" name=\"item_meta[69]\" value=\"\"  data-reqmsg=\"Dieses Feld darf nicht leer sein.\" aria-required=\"true\" data-invmsg=\"Please enter a valid email address\"  \/>\r\n    \r\n    \r\n<\/div>\n<div id=\"frm_field_70_container\" class=\"frm_form_field form-field  frm_required_field frm_top_container\">\r\n    <label for=\"field_z1vmb72\" id=\"field_z1vmb72_label\" class=\"frm_primary_label\">Telefonnummer\r\n        <span class=\"frm_required\">*<\/span>\r\n    <\/label>\r\n    <input type=\"text\" id=\"field_z1vmb72\" name=\"item_meta[70]\" value=\"\"  data-reqmsg=\"This field cannot be blank.\" aria-required=\"true\" data-invmsg=\"Text ist ung\u00fcltig\"  \/>\r\n    \r\n    \r\n<\/div>\n<div id=\"frm_field_71_container\" class=\"frm_form_field form-field  frm_top_container frm_full\">\r\n    <label for=\"field_9jv0r172\" id=\"field_9jv0r172_label\" class=\"frm_primary_label\">Bemerkung\r\n        <span class=\"frm_required\"><\/span>\r\n    <\/label>\r\n    <textarea name=\"item_meta[71]\" id=\"field_9jv0r172\" rows=\"5\"  data-invmsg=\"Bemerkung is invalid\"  ><\/textarea>\r\n    \r\n    \r\n<\/div>\n<input type=\"hidden\" name=\"item_key\" value=\"\" \/>\n\t<div class=\"frm_submit\">\r\n\r\n<button class=\"frm_button_submit\" type=\"submit\"  >Senden<\/button>\r\n\r\n<\/div><\/div>\n<\/fieldset>\n<\/div>\n<input type=\"hidden\" name=\"trp-form-language\" value=\"en\"\/><\/form>\n<\/div>","protected":false},"excerpt":{"rendered":"","protected":false},"author":1,"featured_media":0,"parent":0,"menu_order":0,"comment_status":"closed","ping_status":"closed","template":"","meta":{"footnotes":""},"class_list":["post-4037","page","type-page","status-publish","hentry"],"yoast_head":"<!-- This site is optimized with the Yoast SEO plugin v23.1 - https:\/\/yoast.com\/wordpress\/plugins\/seo\/ -->\n<title>Formular-11 - Vindobona Philatelisten Club<\/title>\n<meta name=\"robots\" content=\"index, follow, max-snippet:-1, max-image-preview:large, max-video-preview:-1\" \/>\n<link rel=\"canonical\" href=\"https:\/\/www.vindobona.club\/formular-11\/\" \/>\n<meta property=\"og:locale\" content=\"en_US\" \/>\n<meta property=\"og:type\" content=\"article\" \/>\n<meta property=\"og:title\" content=\"Formular-11 - Vindobona Philatelisten Club\" \/>\n<meta property=\"og:url\" content=\"https:\/\/www.vindobona.club\/formular-11\/\" \/>\n<meta property=\"og:site_name\" content=\"Vindobona Philatelisten Club\" \/>\n<meta property=\"article:modified_time\" content=\"2024-08-11T17:47:36+00:00\" \/>\n<meta property=\"og:image\" content=\"https:\/\/www.vindobona.club\/wp-content\/uploads\/2019\/09\/Slider_2-new.jpg\" \/>\n\t<meta property=\"og:image:width\" content=\"1500\" \/>\n\t<meta property=\"og:image:height\" content=\"630\" \/>\n\t<meta property=\"og:image:type\" content=\"image\/jpeg\" \/>\n<meta name=\"twitter:card\" content=\"summary_large_image\" \/>\n<meta name=\"twitter:label1\" content=\"Est. reading time\" \/>\n\t<meta name=\"twitter:data1\" content=\"1 minute\" \/>\n<script type=\"application\/ld+json\" class=\"yoast-schema-graph\">{\"@context\":\"https:\/\/schema.org\",\"@graph\":[{\"@type\":\"WebPage\",\"@id\":\"https:\/\/www.vindobona.club\/formular-11\/\",\"url\":\"https:\/\/www.vindobona.club\/formular-11\/\",\"name\":\"Formular-11 - Vindobona Philatelisten Club\",\"isPartOf\":{\"@id\":\"https:\/\/www.vindobona.club\/#website\"},\"datePublished\":\"2024-08-11T17:47:13+00:00\",\"dateModified\":\"2024-08-11T17:47:36+00:00\",\"breadcrumb\":{\"@id\":\"https:\/\/www.vindobona.club\/formular-11\/#breadcrumb\"},\"inLanguage\":\"en-US\",\"potentialAction\":[{\"@type\":\"ReadAction\",\"target\":[\"https:\/\/www.vindobona.club\/formular-11\/\"]}]},{\"@type\":\"BreadcrumbList\",\"@id\":\"https:\/\/www.vindobona.club\/formular-11\/#breadcrumb\",\"itemListElement\":[{\"@type\":\"ListItem\",\"position\":1,\"name\":\"Startseite\",\"item\":\"https:\/\/www.vindobona.club\/\"},{\"@type\":\"ListItem\",\"position\":2,\"name\":\"Formular-11\"}]},{\"@type\":\"WebSite\",\"@id\":\"https:\/\/www.vindobona.club\/#website\",\"url\":\"https:\/\/www.vindobona.club\/\",\"name\":\"Vindobona Philatelisten Club\",\"description\":\"\u00d6sterreichischer Philatelistenklub Vindobona - Der \u00e4lteste Briefmarkenklub \u00d6sterreichs seit 1880\",\"publisher\":{\"@id\":\"https:\/\/www.vindobona.club\/#organization\"},\"alternateName\":\"\u00d6sterreichischer Philatelistenklub Vindobona\",\"potentialAction\":[{\"@type\":\"SearchAction\",\"target\":{\"@type\":\"EntryPoint\",\"urlTemplate\":\"https:\/\/www.vindobona.club\/?s={search_term_string}\"},\"query-input\":\"required name=search_term_string\"}],\"inLanguage\":\"en-US\"},{\"@type\":\"Organization\",\"@id\":\"https:\/\/www.vindobona.club\/#organization\",\"name\":\"\u00d6sterreichischer Philatelistenklub Vindobona\",\"alternateName\":\"Vindobona Philatelistenklub\",\"url\":\"https:\/\/www.vindobona.club\/\",\"logo\":{\"@type\":\"ImageObject\",\"inLanguage\":\"en-US\",\"@id\":\"https:\/\/www.vindobona.club\/#\/schema\/logo\/image\/\",\"url\":\"https:\/\/www.vindobona.club\/wp-content\/uploads\/2019\/10\/Favicon-1.png\",\"contentUrl\":\"https:\/\/www.vindobona.club\/wp-content\/uploads\/2019\/10\/Favicon-1.png\",\"width\":1443,\"height\":1443,\"caption\":\"\u00d6sterreichischer Philatelistenklub Vindobona\"},\"image\":{\"@id\":\"https:\/\/www.vindobona.club\/#\/schema\/logo\/image\/\"}}]}<\/script>\n<!-- \/ Yoast SEO plugin. -->","yoast_head_json":{"title":"Formular-11 - Vindobona Philatelisten Club","robots":{"index":"index","follow":"follow","max-snippet":"max-snippet:-1","max-image-preview":"max-image-preview:large","max-video-preview":"max-video-preview:-1"},"canonical":"https:\/\/www.vindobona.club\/formular-11\/","og_locale":"en_US","og_type":"article","og_title":"Formular-11 - Vindobona Philatelisten Club","og_url":"https:\/\/www.vindobona.club\/formular-11\/","og_site_name":"Vindobona Philatelisten Club","article_modified_time":"2024-08-11T17:47:36+00:00","og_image":[{"width":1500,"height":630,"url":"https:\/\/www.vindobona.club\/wp-content\/uploads\/2019\/09\/Slider_2-new.jpg","type":"image\/jpeg"}],"twitter_card":"summary_large_image","twitter_misc":{"Est. reading time":"1 minute"},"schema":{"@context":"https:\/\/schema.org","@graph":[{"@type":"WebPage","@id":"https:\/\/www.vindobona.club\/formular-11\/","url":"https:\/\/www.vindobona.club\/formular-11\/","name":"Formular-11 - Vindobona Philatelisten Club","isPartOf":{"@id":"https:\/\/www.vindobona.club\/#website"},"datePublished":"2024-08-11T17:47:13+00:00","dateModified":"2024-08-11T17:47:36+00:00","breadcrumb":{"@id":"https:\/\/www.vindobona.club\/formular-11\/#breadcrumb"},"inLanguage":"en-US","potentialAction":[{"@type":"ReadAction","target":["https:\/\/www.vindobona.club\/formular-11\/"]}]},{"@type":"BreadcrumbList","@id":"https:\/\/www.vindobona.club\/formular-11\/#breadcrumb","itemListElement":[{"@type":"ListItem","position":1,"name":"Startseite","item":"https:\/\/www.vindobona.club\/"},{"@type":"ListItem","position":2,"name":"Formular-11"}]},{"@type":"WebSite","@id":"https:\/\/www.vindobona.club\/#website","url":"https:\/\/www.vindobona.club\/","name":"Vindobona Philatelisten Club","description":"\u00d6sterreichischer Philatelistenklub Vindobona - Der \u00e4lteste Briefmarkenklub \u00d6sterreichs seit 1880","publisher":{"@id":"https:\/\/www.vindobona.club\/#organization"},"alternateName":"\u00d6sterreichischer Philatelistenklub Vindobona","potentialAction":[{"@type":"SearchAction","target":{"@type":"EntryPoint","urlTemplate":"https:\/\/www.vindobona.club\/?s={search_term_string}"},"query-input":"required name=search_term_string"}],"inLanguage":"en-US"},{"@type":"Organization","@id":"https:\/\/www.vindobona.club\/#organization","name":"\u00d6sterreichischer Philatelistenklub Vindobona","alternateName":"Vindobona Philatelistenklub","url":"https:\/\/www.vindobona.club\/","logo":{"@type":"ImageObject","inLanguage":"en-US","@id":"https:\/\/www.vindobona.club\/#\/schema\/logo\/image\/","url":"https:\/\/www.vindobona.club\/wp-content\/uploads\/2019\/10\/Favicon-1.png","contentUrl":"https:\/\/www.vindobona.club\/wp-content\/uploads\/2019\/10\/Favicon-1.png","width":1443,"height":1443,"caption":"\u00d6sterreichischer Philatelistenklub Vindobona"},"image":{"@id":"https:\/\/www.vindobona.club\/#\/schema\/logo\/image\/"}}]}},"_links":{"self":[{"href":"https:\/\/www.vindobona.club\/en\/wp-json\/wp\/v2\/pages\/4037"}],"collection":[{"href":"https:\/\/www.vindobona.club\/en\/wp-json\/wp\/v2\/pages"}],"about":[{"href":"https:\/\/www.vindobona.club\/en\/wp-json\/wp\/v2\/types\/page"}],"author":[{"embeddable":true,"href":"https:\/\/www.vindobona.club\/en\/wp-json\/wp\/v2\/users\/1"}],"replies":[{"embeddable":true,"href":"https:\/\/www.vindobona.club\/en\/wp-json\/wp\/v2\/comments?post=4037"}],"version-history":[{"count":2,"href":"https:\/\/www.vindobona.club\/en\/wp-json\/wp\/v2\/pages\/4037\/revisions"}],"predecessor-version":[{"id":4039,"href":"https:\/\/www.vindobona.club\/en\/wp-json\/wp\/v2\/pages\/4037\/revisions\/4039"}],"wp:attachment":[{"href":"https:\/\/www.vindobona.club\/en\/wp-json\/wp\/v2\/media?parent=4037"}],"curies":[{"name":"wp","href":"https:\/\/api.w.org\/{rel}","templated":true}]}}